{"id":83,"date":"2020-02-02T15:07:58","date_gmt":"2020-02-02T15:07:58","guid":{"rendered":"http:\/\/markus-liebl.bayern\/?page_id=83"},"modified":"2020-02-09T09:52:15","modified_gmt":"2020-02-09T09:52:15","slug":"kommunalwahl-2020","status":"publish","type":"page","link":"https:\/\/markus-liebl.bayern\/?page_id=83","title":{"rendered":"Kommunalwahl 2020"},"content":{"rendered":"\r\n<div class=\"wp-block-image\">\u00a0<\/div>\r\n<p><img decoding=\"async\" loading=\"lazy\" class=\"size-medium wp-image-79 alignleft\" src=\"http:\/\/markus-liebl.bayern\/wp-content\/uploads\/2020\/02\/DSC_3762-200x300.jpg\" alt=\"\" width=\"200\" height=\"300\" srcset=\"https:\/\/markus-liebl.bayern\/wp-content\/uploads\/2020\/02\/DSC_3762-200x300.jpg 200w, https:\/\/markus-liebl.bayern\/wp-content\/uploads\/2020\/02\/DSC_3762-683x1024.jpg 683w, https:\/\/markus-liebl.bayern\/wp-content\/uploads\/2020\/02\/DSC_3762-768x1151.jpg 768w, https:\/\/markus-liebl.bayern\/wp-content\/uploads\/2020\/02\/DSC_3762-1025x1536.jpg 1025w, https:\/\/markus-liebl.bayern\/wp-content\/uploads\/2020\/02\/DSC_3762-1367x2048.jpg 1367w, https:\/\/markus-liebl.bayern\/wp-content\/uploads\/2020\/02\/DSC_3762-scaled.jpg 1709w\" sizes=\"(max-width: 200px) 100vw, 200px\" \/>Bei den anstehenden Kommunalwahlen am 15. M\u00e4rz 2020 bewerbe ich mich um das Amt des B\u00fcrgermeisters. Da ich seit 1991 in der Gemeinde in f\u00fchrender Position, zuletzt als Gesch\u00e4ftsleiter t\u00e4tig bin und auch seither an fast jeder Fraktions- bzw. Gemeinderatssitzung teilgenommen habe, verf\u00fcge ich nicht nur \u00fcber das notwendige Wissen, sondern auch \u00fcber die entsprechende Erfahrung, um eine Gemeinde leiten zu k\u00f6nnen.<\/p>\r\n<p>&nbsp;<\/p>\r\n<p>&nbsp;<\/p>\r\n<p>Unsere Kandidaten f\u00fcr den CSU Ortsverband Waakirchen-Schaftlach: von links nach rechts:<\/p>\r\n<p><img decoding=\"async\" loading=\"lazy\" class=\" wp-image-27 alignleft\" src=\"http:\/\/markus-liebl.bayern\/wp-content\/uploads\/2020\/01\/gruppenbild-1-300x211.jpg\" alt=\"\" width=\"485\" height=\"341\" srcset=\"https:\/\/markus-liebl.bayern\/wp-content\/uploads\/2020\/01\/gruppenbild-1-300x211.jpg 300w, https:\/\/markus-liebl.bayern\/wp-content\/uploads\/2020\/01\/gruppenbild-1-1024x720.jpg 1024w, https:\/\/markus-liebl.bayern\/wp-content\/uploads\/2020\/01\/gruppenbild-1-768x540.jpg 768w, https:\/\/markus-liebl.bayern\/wp-content\/uploads\/2020\/01\/gruppenbild-1-1536x1079.jpg 1536w, https:\/\/markus-liebl.bayern\/wp-content\/uploads\/2020\/01\/gruppenbild-1-2048x1439.jpg 2048w\" sizes=\"(max-width: 485px) 100vw, 485px\" \/><\/p>\r\n<p>&nbsp;<\/p>\r\n<p>&nbsp;<\/p>\r\n<p>&nbsp;<\/p>\r\n<p>&nbsp;<\/p>\r\n<p>&nbsp;<\/p>\r\n<p>&nbsp;<\/p>\r\n<p>&nbsp;<\/p>\r\n<p>&nbsp;<\/p>\r\n<p>obere Reihe: Tobias Walter, Florian Grieblinger, Michael Bauer, Alex Mayr, Martin Weindl<\/p>\r\n<p>zweite Reihe: Georg Schwaighofer, Georg Noha, Klaus Nottensteiner, Sonja Still, Florian Deml, Josef Frauenrieder,<\/p>\r\n<p>unten: Dr. Bettina Kienzer, Erwin Welzmiller, Markus Liebl, Christine Weindl, Gitta Reiter;<\/p>\r\n<p>nicht auf dem Bild: Katharina Gruber, Peter Schletzbaum, Dr. Robert Englmann und Martin Englmann.<\/p>\r\n\r\n\r\n\r\n<h2><a href=\"http:\/\/markus-liebl.bayern\/wp-content\/uploads\/2020\/02\/csu_2020_Wahlflyer_A5_6s_Waakirchen_09.pdf\">Hier geht&#8217;s zu unserem Wahlflyer<\/a><\/h2>\r\n\r\n\r\n\r\n<p>&nbsp;<\/p>\r\n\r\n\r\n\r\n<p>Folgende Veranstaltungen sind geplant.<\/p>\r\n<table style=\"border-collapse: collapse; width: 100%;\">\r\n<tbody>\r\n<tr>\r\n<td style=\"width: 25%;\">Mittwoch<\/td>\r\n<td style=\"width: 25%;\">12.02.2020<\/td>\r\n<td style=\"width: 25%;\">19:30 Uhr<\/td>\r\n<td style=\"width: 25%;\">Auftakt im Feuerwehrhaus Piesenkam<\/td>\r\n<\/tr>\r\n<tr>\r\n<td style=\"width: 25%;\">Montag<\/td>\r\n<td style=\"width: 25%;\">17.02.2020<\/td>\r\n<td style=\"width: 25%;\">19:30 Uhr<\/td>\r\n<td style=\"width: 25%;\">Feuerwehrheim Marienstein<\/td>\r\n<\/tr>\r\n<tr>\r\n<td style=\"width: 25%;\">Dienstag<\/td>\r\n<td style=\"width: 25%;\">18.02.2020<\/td>\r\n<td style=\"width: 25%;\">19:30 Uhr<\/td>\r\n<td style=\"width: 25%;\">Feuerwehrhaus Schaftlach<\/td>\r\n<\/tr>\r\n<tr>\r\n<td style=\"width: 25%;\">Mittwoch<\/td>\r\n<td style=\"width: 25%;\">04.03.2020<\/td>\r\n<td style=\"width: 25%;\">19:30Uhr<\/td>\r\n<td style=\"width: 25%;\">Christlwirt Waakirchen<\/td>\r\n<\/tr>\r\n<tr>\r\n<td style=\"width: 25%;\">\u00a0<\/td>\r\n<td style=\"width: 25%;\">\u00a0<\/td>\r\n<td style=\"width: 25%;\">\u00a0<\/td>\r\n<td style=\"width: 25%;\">\u00a0<\/td>\r\n<\/tr>\r\n<\/tbody>\r\n<\/table>\r\n<p>Wir freuen uns \u00fcber regen Besuch, und bieten auch die M\u00f6glichkeit Fragen zu stellen.<\/p>\r\n","protected":false},"excerpt":{"rendered":"<p>Hier geht&#8217;s zu unserem Wahlflyer &nbsp; Folgende Veranstaltungen sind geplant. Mittwoch 12.02.2020 19:30 Uhr Auftakt im Feuerwehrhaus Piesenkam Montag 17.02.2020 19:30 Uhr Feuerwehrheim Marienstein Dienstag 18.02.2020 19:30 Uhr Feuerwehrhaus Schaftlach Mittwoch 04.03.2020 19:30Uhr Christlwirt Waakirchen \u00a0 \u00a0 \u00a0 \u00a0 Wir freuen uns \u00fcber regen Besuch, und bieten auch die M\u00f6glichkeit Fragen zu stellen.<\/p>\n","protected":false},"author":2,"featured_media":0,"parent":0,"menu_order":0,"comment_status":"closed","ping_status":"closed","template":"","meta":[],"_links":{"self":[{"href":"https:\/\/markus-liebl.bayern\/index.php?rest_route=\/wp\/v2\/pages\/83"}],"collection":[{"href":"https:\/\/markus-liebl.bayern\/index.php?rest_route=\/wp\/v2\/pages"}],"about":[{"href":"https:\/\/markus-liebl.bayern\/index.php?rest_route=\/wp\/v2\/types\/page"}],"author":[{"embeddable":true,"href":"https:\/\/markus-liebl.bayern\/index.php?rest_route=\/wp\/v2\/users\/2"}],"replies":[{"embeddable":true,"href":"https:\/\/markus-liebl.bayern\/index.php?rest_route=%2Fwp%2Fv2%2Fcomments&post=83"}],"version-history":[{"count":23,"href":"https:\/\/markus-liebl.bayern\/index.php?rest_route=\/wp\/v2\/pages\/83\/revisions"}],"predecessor-version":[{"id":112,"href":"https:\/\/markus-liebl.bayern\/index.php?rest_route=\/wp\/v2\/pages\/83\/revisions\/112"}],"wp:attachment":[{"href":"https:\/\/markus-liebl.bayern\/index.php?rest_route=%2Fwp%2Fv2%2Fmedia&parent=83"}],"curies":[{"name":"wp","href":"https:\/\/api.w.org\/{rel}","templated":true}]}}