{"id":8,"date":"2020-01-19T17:11:57","date_gmt":"2020-01-19T17:11:57","guid":{"rendered":"http:\/\/markus-liebl.bayern\/?page_id=8"},"modified":"2020-01-28T17:59:30","modified_gmt":"2020-01-28T17:59:30","slug":"meine-ziele","status":"publish","type":"page","link":"https:\/\/markus-liebl.bayern\/?page_id=8","title":{"rendered":"Meine Ziele"},"content":{"rendered":"\n<p>K\u00fcnftige Entwicklung<\/p>\n\n\n\n<p>Unsere Gemeinde sollte sich ma\u00dfvoll entwickeln. Meines Erachtens ist hier ein besonderes Augenmerk auf den Fl\u00e4chenverbrauch zu richten, denn Boden ist schlie\u00dflich nicht vermehrbar.  Trotzdem m\u00fcssen wir immer \u00fcberlegen, wie wir v.a. f\u00fcr Einheimische bezahlbaren Wohnraum erm\u00f6glichen. Es wird ggf. kein Weg an verdichteter Bauweisen vorbeigehen, da ein weiterer Anstieg der Grundst\u00fcckspreise auf absehbare Zeit wohl nicht verhindert werden kann. Ma\u00dfvolle Entwicklung hei\u00dft auch immer ein offenes Ohr f\u00fcr die Bed\u00fcrfnisse, v.a. der bereits angesiedelten Gewerbebetriebe zu haben. Diese zu erhalten und sich auch ma\u00dfvoll entwickeln zu lassen sichert die Finanzen der Gemeinde.&nbsp;<\/p>\n\n\n\n<p>Ortszentrum<\/p>\n\n\n\n<p><\/p>\n\n\n\n<p> Hier gibt es ja durch den B\u00fcrgerentscheid im Juli letzten Jahres eine klare Vorgabe: Es ist eine Neuplanung \u00fcber eine B\u00fcrgerbeteiligung durchzuf\u00fchren. Ich w\u00fcnsche mir, dass dieses Verfahren, welches bereits begonnen hat, vorurteilsfrei und ergebnisoffen durchgef\u00fchrt wird. Daher m\u00f6chte ich hier nicht weiter vorgreifen.  <\/p>\n\n\n\n<p>Verkehrsentlastung<\/p>\n\n\n\n<p><\/p>\n\n\n\n<p>Die ebenerdige Umfahrung von Waakirchen wurde abgelehnt. Schlie\u00dflich gilt es ja nicht nur den Ort Waakirchen, sondern alle Ortsteile, besonders auch Hauserd\u00f6rfl und Piesenkam zu entlasten. Dies kann nur durch die Entwicklung eines \u00fcberregionalen Verkehrskonzeptes gelingen. F\u00fcr die Ortsdurchfahrt Waakirchen gilt es vorerst inner\u00f6rtliche L\u00f6sungen zu finden. <\/p>\n\n\n\n<p>Besondere Anliegen:<\/p>\n\n\n\n<p><\/p>\n\n\n\n<p>Am Herzen liegt es mir, unsere Gemeinde, unsere Heimat lebens- und liebenswert f\u00fcr die nachfolgenden Generationen zu gestalten und erhalten. Hierzu geh\u00f6rt u.a. die Unterst\u00fctzung der \u00f6rtlichen Vereine und aller ehrenamtlichen T\u00e4tigkeiten f\u00fcr das soziale Zusammenleben, gr\u00f6\u00dftm\u00f6gliche Transparanz in allen Gemeindeangelegenheiten, aber auch Themen der Grundversorgung, wie&nbsp;auch die langfristige Sicherung der Trinkwasserversorgung. <\/p>\n\n\n\n<p><\/p>\n\n\n\n<p><\/p>\n","protected":false},"excerpt":{"rendered":"<p>K\u00fcnftige Entwicklung Unsere Gemeinde sollte sich ma\u00dfvoll entwickeln. Meines Erachtens ist hier ein besonderes Augenmerk auf den Fl\u00e4chenverbrauch zu richten, denn Boden ist schlie\u00dflich nicht vermehrbar. Trotzdem m\u00fcssen wir immer \u00fcberlegen, wie wir v.a. f\u00fcr Einheimische bezahlbaren Wohnraum erm\u00f6glichen. Es wird ggf. kein Weg an verdichteter Bauweisen vorbeigehen, da ein weiterer Anstieg der Grundst\u00fcckspreise auf &hellip; <\/p>\n<p class=\"link-more\"><a href=\"https:\/\/markus-liebl.bayern\/?page_id=8\" class=\"more-link\"><span class=\"screen-reader-text\">\u201eMeine Ziele\u201c<\/span> weiterlesen<\/a><\/p>\n","protected":false},"author":1,"featured_media":48,"parent":0,"menu_order":0,"comment_status":"closed","ping_status":"closed","template":"","meta":[],"_links":{"self":[{"href":"https:\/\/markus-liebl.bayern\/index.php?rest_route=\/wp\/v2\/pages\/8"}],"collection":[{"href":"https:\/\/markus-liebl.bayern\/index.php?rest_route=\/wp\/v2\/pages"}],"about":[{"href":"https:\/\/markus-liebl.bayern\/index.php?rest_route=\/wp\/v2\/types\/page"}],"author":[{"embeddable":true,"href":"https:\/\/markus-liebl.bayern\/index.php?rest_route=\/wp\/v2\/users\/1"}],"replies":[{"embeddable":true,"href":"https:\/\/markus-liebl.bayern\/index.php?rest_route=%2Fwp%2Fv2%2Fcomments&post=8"}],"version-history":[{"count":5,"href":"https:\/\/markus-liebl.bayern\/index.php?rest_route=\/wp\/v2\/pages\/8\/revisions"}],"predecessor-version":[{"id":82,"href":"https:\/\/markus-liebl.bayern\/index.php?rest_route=\/wp\/v2\/pages\/8\/revisions\/82"}],"wp:featuredmedia":[{"embeddable":true,"href":"https:\/\/markus-liebl.bayern\/index.php?rest_route=\/wp\/v2\/media\/48"}],"wp:attachment":[{"href":"https:\/\/markus-liebl.bayern\/index.php?rest_route=%2Fwp%2Fv2%2Fmedia&parent=8"}],"curies":[{"name":"wp","href":"https:\/\/api.w.org\/{rel}","templated":true}]}}