{"id":77,"date":"2020-01-30T18:21:49","date_gmt":"2020-01-30T18:21:49","guid":{"rendered":"http:\/\/markus-liebl.bayern\/?page_id=77"},"modified":"2020-01-30T18:21:50","modified_gmt":"2020-01-30T18:21:50","slug":"allgemeine-datenschutzhinweise","status":"publish","type":"page","link":"https:\/\/markus-liebl.bayern\/?page_id=77","title":{"rendered":"Allgemeine Datenschutzhinweise"},"content":{"rendered":"\n<p>Allg. Datenschutzhinweise Markus Liebl Riedern 67, 83666 Waakirchen <\/p>\n\n\n\n<p>Inhalt:<\/p>\n\n\n\n<p> 1. Name und Kontaktdaten der verantwortlichen Stellen <\/p>\n\n\n\n<p>2. Erhebung und Speicherung personenbezogener Daten; Art, Zweck und Verwendung 3. Weitergabe von Daten an Dritte <\/p>\n\n\n\n<p>4. Ihre Rechte als betroffene Person <\/p>\n\n\n\n<p>5. Ihr Recht auf Widerspruch <\/p>\n\n\n\n<p>6. Datenverarbeitung \u00fcber unsere Website <\/p>\n\n\n\n<p>7. Ansprechpartner  <\/p>\n\n\n\n<p> 1. Name und Kontaktdaten der verantwortlichen Stelle <\/p>\n\n\n\n<p>Diese Datenschutzhinweise gelten f\u00fcr Markus Liebl, Riedern 67, 83666 Waakirchen Tel: 08021\/909575 E-Mail: lieblmarkus21@gmail.com als verantwortliche Stelle.<\/p>\n\n\n\n<p> 2. Erhebung und Speicherung personenbezogener Daten; Art, Zweck und Verwendung Ist nicht beabsichtigt. \u2013 <\/p>\n\n\n\n<p>3. Weitergabe von Daten an Dritte <\/p>\n\n\n\n<p>Eine bewusste Datenweitergabe erfolgt nicht. <\/p>\n\n\n\n<p>4. Ihre Rechte als betroffene Person Ihnen als von der Datenverarbeitung betroffenen Person stehen verschiedene Rechte zu: \u2013 Widerrufsrecht: <\/p>\n\n\n\n<p>Von Ihnen erteilte Einwilligungen k\u00f6nnen Sie jederzeit uns gegen\u00fcber widerrufen. Die Datenverarbeitung, die auf der widerrufenen Einwilligung beruht, darf dann f\u00fcr die Zukunft nicht mehr fortgef\u00fchrt werden. (Art. 21 DSGVO) \u2013 Auskunftsrecht: Sie k\u00f6nnen Auskunft \u00fcber Ihre von uns verarbeiteten personenbezogenen Daten verlangen. Dies gilt insbesondere f\u00fcr die Zwecke der Datenverarbeitungen, die Kategorien der personenbezogenen Daten, ggf. die Kategorien von Empf\u00e4ngern, die Speicherdauer, ggf. die Herkunft Ihrer Daten sowie ggf. f\u00fcr das Bestehen einer automatisierten Entscheidungsfindung einschlie\u00dflich Profiling und ggf. aussagekr\u00e4ftigen Informationen zu deren Details. (Art. 15 DSGVO) \u2013 Berichtigungsrecht: Sie k\u00f6nnen die Berichtigung unrichtiger oder die Vervollst\u00e4ndigung Ihrer bei uns gespeicherten personenbezogenen Daten verlangen. (Art. 16 DSGVO).  \u2013 L\u00f6schungsrecht: Sie k\u00f6nnen die L\u00f6schung Ihrer bei uns gespeicherten personenbezogenen Daten verlangen, soweit deren Verarbeitung nicht zur Aus\u00fcbung des Rechts auf freie Meinungs\u00e4u\u00dferung und Information, zur Erf\u00fcllung einer rechtlichen Verpflichtung, aus Gr\u00fcnden des \u00f6ffentlichen Interesses oder zur Geltendmachung, Aus\u00fcbung oder Verteidigung von Rechtsanspr\u00fcchen erforderlich ist. (Art. 17 DSGVO) \u2013 Recht auf Einschr\u00e4nkung der Verarbeitung: Sie k\u00f6nnen die Einschr\u00e4nkung der Verarbeitung Ihrer personenbezogenen Daten verlangen, soweit die Richtigkeit der Daten von Ihnen bestritten wird, die Verarbeitung unrechtm\u00e4\u00dfig ist, Sie aber deren L\u00f6schung ablehnen. Au\u00dferdem steht Ihnen dieses Recht zu, wenn wir die Daten nicht mehr ben\u00f6tigen, Sie diese jedoch zur Geltendmachung, Aus\u00fcbung oder Verteidigung von Rechtsanspr\u00fcchen ben\u00f6tigen. Dar\u00fcber hinaus haben Sie dieses Recht, wenn Sie Widerspruch gegen die Verarbeitung Ihrer personenbezogenen Daten eingelegt haben. \u2013 Recht auf Sperrung Ihrer personenbezogener Daten (Art. 18 DSGVO \u2013 Recht auf Daten\u00fcbertragbarkeit: Sie k\u00f6nnen verlangen, dass wir Ihnen Ihre personenbezogenen Daten, die Sie uns bereitgestellt haben, in einem strukturierten, g\u00e4ngigen und maschinenlesebaren Format \u00fcbermitteln. Alternativ k\u00f6nnen Sie die direkte \u00dcbermittlung der von Ihnen uns bereitgestellten personenbezogenen Daten an einen anderen Verantwortlichen verlangen, soweit dies m\u00f6glich ist. \u2013 Recht auf Best\u00e4tigung: Wir sind verpflichtet, Ihnen ggfs. den Empfang des Widerrufs, die Berichtigung, L\u00f6schung oder Sperrung Ihrer Daten zu best\u00e4tigen (Art 19 DSGVO) \u2013 Beschwerderecht: Sie k\u00f6nnen sich bei der f\u00fcr uns zust\u00e4ndigen Aufsichtsbeh\u00f6rde beschweren, z.B. wenn Sie der Ansicht sind, dass wir Ihre personenbezogenen Daten in unrechtm\u00e4\u00dfiger Weise verarbeiten. <\/p>\n\n\n\n<p>Die f\u00fcr uns zust\u00e4ndige Beh\u00f6rde ist: Bayerisches Landesamt f\u00fcr Datenschutzaufsicht Hausanschrift Promenade 27 91522 Ansbach Postanschrift Postfach 606 91511 Ansbach Deutschland Erreichbarkeit Telefon: +49(0)98153-1300 Telefax: +49(0)98153-981300 E-Mail: poststelle@lda.bayern.de <\/p>\n\n\n\n<p>5. Ihr Recht auf Widerspruch Sofern wir Ihre personenbezogenen Daten auf Basis eines berechtigten Interesses verarbeiten, haben Sie das Recht, Widerspruch gegen diese Verarbeitung einzulegen. M\u00f6chten Sie von Ihrem Widerspruchsrecht Gebrauch machen, gen\u00fcgt eine Mitteilung in Textform. Sie k\u00f6nnen uns also gerne anschreiben, ein Fax schicken oder sich per E-Mail an uns wenden. Unsere Kontaktdaten finden Sie unter Punkt 1. dieser Datenschutzhinweise. <\/p>\n\n\n\n<p>6. Datenverarbeitung online <\/p>\n\n\n\n<p>Auf meiner Internetseite unter markus-liebl.bayern erfolgt die Verarbeitung bestimmter personenbezogener Daten, u.a. Hier werden die IP-Adressen der Besucher erfasst und in Logfiles gespeichert.  Die Zahl und Art der Besuche (Browsertyp, Herkunft, Datenmenge, Dauer) auf meiner Website werden von meinem Provider in anonymisierter Form erhoben und k\u00f6nnen von uns statistisch aufbereitet in anonymisierter Form eingesehen werden. Die IP-Adressen werden zur Erkennung und Abwehr von Angriffen von Hackern durch unseren Provider an Orten in Deutschland maximal sieben Tage gespeichert. Danach werden sie gel\u00f6scht.    7. Ansprechpartner 8. Bei Fragen insbesondere zum Umgang mit Ihren pers\u00f6nlichen Daten wenden Sie sich bitte an die zust\u00e4ndige <\/p>\n\n\n\n<p>Datenschutzbeauftragte Frau Sandra Liebl unter krayhof@t-online.de <\/p>\n\n\n\n<p>Falls Sie Daten berichtigt, gesperrt oder gel\u00f6scht haben m\u00f6chten oder zum Widerruf erteilter Einwilligungen wenden Sie sich bitte ebenfalls an Frau Sandra Liebl unter krayhof@t-online.de Stand 20.01.2020 <\/p>\n","protected":false},"excerpt":{"rendered":"<p>Allg. Datenschutzhinweise Markus Liebl Riedern 67, 83666 Waakirchen Inhalt: 1. Name und Kontaktdaten der verantwortlichen Stellen 2. Erhebung und Speicherung personenbezogener Daten; Art, Zweck und Verwendung 3. Weitergabe von Daten an Dritte 4. Ihre Rechte als betroffene Person 5. Ihr Recht auf Widerspruch 6. Datenverarbeitung \u00fcber unsere Website 7. Ansprechpartner 1. Name und Kontaktdaten der &hellip; <\/p>\n<p class=\"link-more\"><a href=\"https:\/\/markus-liebl.bayern\/?page_id=77\" class=\"more-link\"><span class=\"screen-reader-text\">\u201eAllgemeine Datenschutzhinweise\u201c<\/span> weiterlesen<\/a><\/p>\n","protected":false},"author":2,"featured_media":0,"parent":0,"menu_order":0,"comment_status":"closed","ping_status":"closed","template":"","meta":[],"_links":{"self":[{"href":"https:\/\/markus-liebl.bayern\/index.php?rest_route=\/wp\/v2\/pages\/77"}],"collection":[{"href":"https:\/\/markus-liebl.bayern\/index.php?rest_route=\/wp\/v2\/pages"}],"about":[{"href":"https:\/\/markus-liebl.bayern\/index.php?rest_route=\/wp\/v2\/types\/page"}],"author":[{"embeddable":true,"href":"https:\/\/markus-liebl.bayern\/index.php?rest_route=\/wp\/v2\/users\/2"}],"replies":[{"embeddable":true,"href":"https:\/\/markus-liebl.bayern\/index.php?rest_route=%2Fwp%2Fv2%2Fcomments&post=77"}],"version-history":[{"count":1,"href":"https:\/\/markus-liebl.bayern\/index.php?rest_route=\/wp\/v2\/pages\/77\/revisions"}],"predecessor-version":[{"id":78,"href":"https:\/\/markus-liebl.bayern\/index.php?rest_route=\/wp\/v2\/pages\/77\/revisions\/78"}],"wp:attachment":[{"href":"https:\/\/markus-liebl.bayern\/index.php?rest_route=%2Fwp%2Fv2%2Fmedia&parent=77"}],"curies":[{"name":"wp","href":"https:\/\/api.w.org\/{rel}","templated":true}]}}